{"id":9419,"date":"2019-12-28T10:01:13","date_gmt":"2019-12-28T09:01:13","guid":{"rendered":"https:\/\/prosco-x.com\/?page_id=9419"},"modified":"2022-03-04T19:37:07","modified_gmt":"2022-03-04T18:37:07","slug":"module-iso-12647","status":"publish","type":"page","link":"https:\/\/prosco-x.com\/es\/module-iso-12647\/","title":{"rendered":"ES Purchase Module ISO 12647"},"content":{"rendered":"\t\t<div data-elementor-type=\"wp-post\" data-elementor-id=\"9419\" class=\"elementor elementor-9419 elementor-4829\" data-elementor-post-type=\"page\">\n\t\t\t\t\t\t<section class=\"elementor-section elementor-top-section elementor-element elementor-element-553a8f3a elementor-section-boxed elementor-section-height-default elementor-section-height-default\" data-id=\"553a8f3a\" data-element_type=\"section\">\n\t\t\t\t\t\t<div class=\"elementor-container elementor-column-gap-default\">\n\t\t\t\t\t<div class=\"elementor-column elementor-col-100 elementor-top-column elementor-element elementor-element-7eb2e50a\" data-id=\"7eb2e50a\" data-element_type=\"column\">\n\t\t\t<div class=\"elementor-widget-wrap elementor-element-populated\">\n\t\t\t\t\t\t<div class=\"elementor-element elementor-element-2048c6db elementor-widget elementor-widget-heading\" data-id=\"2048c6db\" data-element_type=\"widget\" data-widget_type=\"heading.default\">\n\t\t\t\t<div class=\"elementor-widget-container\">\n\t\t\t\t\t<h1 class=\"elementor-heading-title elementor-size-default\">Proceso est\u00e1ndar-ISO-12647<\/h1>\t\t\t\t<\/div>\n\t\t\t\t<\/div>\n\t\t\t\t<div class=\"elementor-element elementor-element-790a72ff elementor-widget-divider--view-line elementor-widget elementor-widget-divider\" data-id=\"790a72ff\" data-element_type=\"widget\" data-widget_type=\"divider.default\">\n\t\t\t\t<div class=\"elementor-widget-container\">\n\t\t\t\t\t\t\t<div class=\"elementor-divider\">\n\t\t\t<span class=\"elementor-divider-separator\">\n\t\t\t\t\t\t<\/span>\n\t\t<\/div>\n\t\t\t\t\t\t<\/div>\n\t\t\t\t<\/div>\n\t\t\t\t\t<\/div>\n\t\t<\/div>\n\t\t\t\t\t<\/div>\n\t\t<\/section>\n\t\t\t\t<section class=\"elementor-section elementor-top-section elementor-element elementor-element-338c44d8 elementor-section-boxed elementor-section-height-default elementor-section-height-default\" data-id=\"338c44d8\" data-element_type=\"section\">\n\t\t\t\t\t\t<div class=\"elementor-container elementor-column-gap-default\">\n\t\t\t\t\t<div class=\"elementor-column elementor-col-50 elementor-top-column elementor-element elementor-element-3fc18fb7\" data-id=\"3fc18fb7\" data-element_type=\"column\">\n\t\t\t<div class=\"elementor-widget-wrap elementor-element-populated\">\n\t\t\t\t\t\t<div class=\"elementor-element elementor-element-7e1bf1c0 elementor-widget elementor-widget-heading\" data-id=\"7e1bf1c0\" data-element_type=\"widget\" data-widget_type=\"heading.default\">\n\t\t\t\t<div class=\"elementor-widget-container\">\n\t\t\t\t\t<h4 class=\"elementor-heading-title elementor-size-default\">Pedir este m\u00f3dulo una vez y s\u00f3lo para usted<\/h4>\t\t\t\t<\/div>\n\t\t\t\t<\/div>\n\t\t\t\t<div class=\"elementor-element elementor-element-7bb4cdec elementor-widget elementor-widget-text-editor\" data-id=\"7bb4cdec\" data-element_type=\"widget\" data-widget_type=\"text-editor.default\">\n\t\t\t\t<div class=\"elementor-widget-container\">\n\t\t\t\t\t\t\t\t\t<p>\u00bfCompra este m\u00f3dulo solamente para usted?<br \/>\nEntonces elija el producto a continuaci\u00f3n.<\/p>\n<p>Cuando se acepte el pago, recibir\u00e1:<\/p>\n<ol>\n<li>Un correo con su pedido<\/li>\n<li>Una factura<\/li>\n<\/ol>\n<p>Y a continuaci\u00f3n ya podr\u00e1 empezar con el m\u00f3dulo.<\/p>\n\t\t\t\t\t\t\t\t<\/div>\n\t\t\t\t<\/div>\n\t\t\t\t<div class=\"elementor-element elementor-element-4548dcf3 elementor-widget elementor-widget-shortcode\" data-id=\"4548dcf3\" data-element_type=\"widget\" data-widget_type=\"shortcode.default\">\n\t\t\t\t<div class=\"elementor-widget-container\">\n\t\t\t\t\t\t\t<div class=\"elementor-shortcode\"><p class=\"product woocommerce add_to_cart_inline scc-class\" style=\"border:0px solid #000; padding: 0px;\"><a href=\"\/es\/wp-json\/wp\/v2\/pages\/9419?add-to-cart=10293\" data-quantity=\"1\" class=\"button product_type_course add_to_cart_button ajax_add_to_cart \" data-product_id=\"10293\" data-product_sku=\"ISO12647-ES\" aria-label=\"Lee m\u00e1s sobre &ldquo;Proceso est\u00e1ndar-ISO-12647-ES&rdquo;\" aria-describedby=\"\" rel=\"nofollow\">Add to cart<\/a><\/p><\/div>\n\t\t\t\t\t\t<\/div>\n\t\t\t\t<\/div>\n\t\t\t\t<div class=\"elementor-element elementor-element-1f948e0b elementor-widget-divider--view-line elementor-widget elementor-widget-divider\" data-id=\"1f948e0b\" data-element_type=\"widget\" data-widget_type=\"divider.default\">\n\t\t\t\t<div class=\"elementor-widget-container\">\n\t\t\t\t\t\t\t<div class=\"elementor-divider\">\n\t\t\t<span class=\"elementor-divider-separator\">\n\t\t\t\t\t\t<\/span>\n\t\t<\/div>\n\t\t\t\t\t\t<\/div>\n\t\t\t\t<\/div>\n\t\t\t\t\t<\/div>\n\t\t<\/div>\n\t\t\t\t<div class=\"elementor-column elementor-col-50 elementor-top-column elementor-element elementor-element-30561760\" data-id=\"30561760\" data-element_type=\"column\">\n\t\t\t<div class=\"elementor-widget-wrap elementor-element-populated\">\n\t\t\t\t\t\t<div class=\"elementor-element elementor-element-4da4028f elementor-widget elementor-widget-heading\" data-id=\"4da4028f\" data-element_type=\"widget\" data-widget_type=\"heading.default\">\n\t\t\t\t<div class=\"elementor-widget-container\">\n\t\t\t\t\t<h4 class=\"elementor-heading-title elementor-size-default\">Pedir uno o m\u00e1s cupones para alguna otra persona<\/h4>\t\t\t\t<\/div>\n\t\t\t\t<\/div>\n\t\t\t\t<div class=\"elementor-element elementor-element-6d2dc2e elementor-widget elementor-widget-text-editor\" data-id=\"6d2dc2e\" data-element_type=\"widget\" data-widget_type=\"text-editor.default\">\n\t\t\t\t<div class=\"elementor-widget-container\">\n\t\t\t\t\t\t\t\t\t<p>Ingrese el n\u00famero deseado y pulse el bot\u00f3n \u201cAgregar al carrito\u201d.<br \/>\nSe cargar\u00e1 la p\u00e1gina de pago para que pueda pagar.<\/p>\n<p>Cuando se acepte el pago recibir\u00e1:<\/p>\n<ol>\n<li>Un correo con un c\u00f3digo \u00fanico por cup\u00f3n<\/li>\n<li>Un correo con el pedido completo<\/li>\n<li>Una factura<\/li>\n<\/ol>\n<p>Mande por correo los cupones recibidos a las personas elegidas.<\/p>\n<p>Introduzca el n\u00famero de cupones deseados a continuaci\u00f3n.<\/p>\n\t\t\t\t\t\t\t\t<\/div>\n\t\t\t\t<\/div>\n\t\t\t\t\t<\/div>\n\t\t<\/div>\n\t\t\t\t\t<\/div>\n\t\t<\/section>\n\t\t\t\t<section class=\"elementor-section elementor-top-section elementor-element elementor-element-736a9479 elementor-section-boxed elementor-section-height-default elementor-section-height-default\" data-id=\"736a9479\" data-element_type=\"section\">\n\t\t\t\t\t\t<div class=\"elementor-container elementor-column-gap-default\">\n\t\t\t\t\t<div class=\"elementor-column elementor-col-100 elementor-top-column elementor-element elementor-element-69c277cc\" data-id=\"69c277cc\" data-element_type=\"column\">\n\t\t\t<div class=\"elementor-widget-wrap elementor-element-populated\">\n\t\t\t\t\t\t<div class=\"elementor-element elementor-element-a844820 elementor-widget elementor-widget-shortcode\" data-id=\"a844820\" data-element_type=\"widget\" data-widget_type=\"shortcode.default\">\n\t\t\t\t<div class=\"elementor-widget-container\">\n\t\t\t\t\t\t\t<div class=\"elementor-shortcode\"><div class=\"woocommerce\">\t\t\t<div class=\"single-product\" data-product-page-preselected-id=\"0\">\n\t\t\t\t<div class=\"woocommerce-notices-wrapper\"><\/div><div id=\"product-10309\" class=\"ast-col-sm-12 ast-article-post desktop-align-left tablet-align-left mobile-align-left ast-col-md-12 ast-product-gallery-layout-horizontal-slider ast-product-gallery-with-no-image ast-product-tabs-layout-vertical product type-product post-10309 status-publish first instock product_cat-coupons-es product_cat-iso12647-6 product_tag-process-standard-iso-12647-es-2 has-post-thumbnail virtual taxable purchasable product-type-simple\">\n\n\t<div class=\"woocommerce-product-gallery woocommerce-product-gallery--with-images woocommerce-product-gallery--columns-4 images\" data-columns=\"4\" style=\"opacity: 0; transition: opacity .25s ease-in-out;\">\n\t<div class=\"woocommerce-product-gallery__wrapper\">\n\t\t<div data-thumb=\"https:\/\/prosco-x.com\/wp-content\/uploads\/2018\/12\/Screenshot-SD-ISO-Check-e1545756941104-100x100.jpg\" data-thumb-alt=\"\" class=\"woocommerce-product-gallery__image\"><a href=\"https:\/\/prosco-x.com\/wp-content\/uploads\/2018\/12\/Screenshot-SD-ISO-Check-e1545756941104.jpg\"><img fetchpriority=\"high\" decoding=\"async\" width=\"300\" height=\"200\" src=\"https:\/\/prosco-x.com\/wp-content\/uploads\/2018\/12\/Screenshot-SD-ISO-Check-e1545756941104-300x200.jpg\" class=\"wp-post-image\" alt=\"\" title=\"Screenshot SD, ISO-Check\" data-caption=\"\" data-src=\"https:\/\/prosco-x.com\/wp-content\/uploads\/2018\/12\/Screenshot-SD-ISO-Check-e1545756941104.jpg\" data-large_image=\"https:\/\/prosco-x.com\/wp-content\/uploads\/2018\/12\/Screenshot-SD-ISO-Check-e1545756941104.jpg\" data-large_image_width=\"649\" data-large_image_height=\"432\" srcset=\"https:\/\/prosco-x.com\/wp-content\/uploads\/2018\/12\/Screenshot-SD-ISO-Check-e1545756941104-300x200.jpg 300w, https:\/\/prosco-x.com\/wp-content\/uploads\/2018\/12\/Screenshot-SD-ISO-Check-e1545756941104.jpg 649w\" sizes=\"(max-width: 300px) 100vw, 300px\" \/><\/a><\/div>\t<\/div>\n<\/div>\n\n\t<div class=\"summary entry-summary\">\n\t\t<span class=\"single-product-category\"><a href=\"https:\/\/prosco-x.com\/es\/product-categorie\/coupons-es\/\" rel=\"tag\">Coupons<\/a>, <a href=\"https:\/\/prosco-x.com\/es\/product-categorie\/iso12647-6\/\" rel=\"tag\">ISO12647<\/a><\/span><h1 class=\"product_title entry-title\">Proceso est\u00e1ndar ISO 12647 (Coupon) ES<\/h1><p class=\"price\"><span class=\"woocommerce-Price-amount amount\"><bdi><span class=\"woocommerce-Price-currencySymbol\">&euro;<\/span>149,00<\/bdi><\/span><\/p>\n<div class=\"woocommerce-product-details__short-description\">\n\t<ul>\n<li>Para uno o m\u00e1s estudiantes<\/li>\n<li>Genera c\u00f3digos de cup\u00f3n para acceder a este m\u00f3dulo<\/li>\n<li>Proporciona acceso a este m\u00f3dulo durante 12 meses<\/li>\n<li>Incluye certificado con puntaje suficiente<\/li>\n<\/ul>\n<\/div>\n\n\t\n\t<form class=\"cart\" action=\"\" method=\"post\" enctype='multipart\/form-data'>\n\t\t\n\t\t<div class=\"quantity\">\n\t\t<label class=\"screen-reader-text\" for=\"quantity_69f3d20947592\">Proceso est\u00e1ndar ISO 12647 (Coupon) ES cantidad<\/label>\n\t<input\n\t\ttype=\"number\"\n\t\t\t\tid=\"quantity_69f3d20947592\"\n\t\tclass=\"input-text qty text\"\n\t\tname=\"quantity\"\n\t\tvalue=\"1\"\n\t\taria-label=\"Cantidad de productos\"\n\t\tsize=\"4\"\n\t\tmin=\"1\"\n\t\tmax=\"\"\n\t\t\t\t\tstep=\"1\"\n\t\t\tplaceholder=\"\"\n\t\t\tinputmode=\"numeric\"\n\t\t\tautocomplete=\"off\"\n\t\t\t\/>\n\t<\/div>\n\n\t\t<button type=\"submit\" name=\"add-to-cart\" value=\"10309\" class=\"single_add_to_cart_button button alt\">Add to Cart<\/button>\n\n\t\t\t<\/form>\n\n\t\n<div class=\"product_meta\">\n\n\t\n\t\n\t\t<span class=\"sku_wrapper\">SKU: <span class=\"sku\">ISO12647-Coupon-ES<\/span><\/span>\n\n\t\n\t<span class=\"posted_in\">Categor\u00edas: <a href=\"https:\/\/prosco-x.com\/es\/product-categorie\/coupons-es\/\" rel=\"tag\">Coupons<\/a>, <a href=\"https:\/\/prosco-x.com\/es\/product-categorie\/iso12647-6\/\" rel=\"tag\">ISO12647<\/a><\/span>\n\t<span class=\"tagged_as\">Etiqueta: <a href=\"https:\/\/prosco-x.com\/es\/etiqueta-producto\/process-standard-iso-12647-es-2\/\" rel=\"tag\">Process standard ISO 12647<\/a><\/span>\n\t\n<\/div>\n\t<\/div>\n\n\t\n\t<div class=\"woocommerce-tabs wc-tabs-wrapper\">\n\t\t<ul class=\"tabs wc-tabs\" role=\"tablist\">\n\t\t\t\t\t\t\t<li class=\"description_tab\" id=\"tab-title-description\" role=\"tab\" aria-controls=\"tab-description\">\n\t\t\t\t\t<a href=\"#tab-description\">\n\t\t\t\t\t\tDescripci\u00f3n\t\t\t\t\t<\/a>\n\t\t\t\t<\/li>\n\t\t\t\t\t<\/ul>\n\t\t\t\t\t<div class=\"woocommerce-Tabs-panel woocommerce-Tabs-panel--description panel entry-content wc-tab\" id=\"tab-description\" role=\"tabpanel\" aria-labelledby=\"tab-title-description\">\n\t\t\t\t\n\t<h2>Descripci\u00f3n<\/h2>\n\n<p>Este m\u00f3dulo lo lleva a controlar todo el proceso de producci\u00f3n como se define en ISO 12647-2: 2013.<\/p>\n<p>Sobre la base del fot\u00f3metro espectral Techkon SpectroDens, explicamos qu\u00e9 m\u00f3dulos de medici\u00f3n se pueden usar mejor para, por ejemplo, verificar una prueba de contrato. Pero tambi\u00e9n c\u00f3mo puede lograr mejor el espesor \u00f3ptimo de la capa de tinta de acuerdo con este est\u00e1ndar. C\u00f3mo puede usar el instrumento para determinar y monitorear las mediciones &#8220;h\u00famedas&#8221; para que pueda intervenir en caso de una desviaci\u00f3n. Tambi\u00e9n le ense\u00f1amos no solo a determinar si algo es satisfactorio o no, sino tambi\u00e9n a comprender c\u00f3mo puede ocurrir una desviaci\u00f3n y qu\u00e9 podr\u00eda hacer para mejorarla.<\/p>\n<p>En el entorno de preimpresi\u00f3n llamar\u00edamos a eso calibraci\u00f3n, pero no usamos este t\u00e9rmino lo suficiente en la impresi\u00f3n. La calibraci\u00f3n est\u00e1 volviendo a una situaci\u00f3n \u00f3ptima.<\/p>\n\t\t\t<\/div>\n\t\t\n\t\t\t<\/div>\n\n\n\t<section class=\"related products\">\n\n\t\t\t\t\t<h2>Productos relacionados<\/h2>\n\t\t\t\t\n\t\t<ul class=\"products columns-4\">\n\n\t\t\t\n\t\t\t\t\t<li class=\"ast-col-sm-12 ast-article-post desktop-align-left tablet-align-left mobile-align-left ast-col-md-12 ast-product-gallery-layout-horizontal-slider ast-product-gallery-with-no-image ast-product-tabs-layout-vertical product type-product post-11383 status-publish first instock product_cat-coupons-es product_cat-prepress-7 product_tag-prepress-es has-post-thumbnail virtual taxable purchasable product-type-simple\">\n\t<a href=\"https:\/\/prosco-x.com\/es\/shop\/prepress-coupon-es\/\" class=\"woocommerce-LoopProduct-link woocommerce-loop-product__link\"><img decoding=\"async\" width=\"300\" height=\"225\" src=\"https:\/\/prosco-x.com\/wp-content\/uploads\/2018\/11\/DTP-ontwerp-300x225.jpeg\" class=\"attachment-woocommerce_thumbnail size-woocommerce_thumbnail\" alt=\"\" \/><h2 class=\"woocommerce-loop-product__title\">Prepress (Coupon) ES<\/h2>\n\t<span class=\"price\"><span class=\"woocommerce-Price-amount amount\"><bdi><span class=\"woocommerce-Price-currencySymbol\">&euro;<\/span>89,00<\/bdi><\/span><\/span>\n<\/a><a href=\"?add-to-cart=11383\" data-quantity=\"1\" class=\"button product_type_simple add_to_cart_button ajax_add_to_cart \" data-product_id=\"11383\" data-product_sku=\"Prepress-Coupon-ES\" aria-label=\"A\u00f1adir al carrito: &ldquo;Prepress (Coupon) ES&rdquo;\" aria-describedby=\"\" rel=\"nofollow\">Add to Cart<\/a><\/li>\n\n\t\t\t\n\t\t\t\t\t<li class=\"ast-col-sm-12 ast-article-post desktop-align-left tablet-align-left mobile-align-left ast-col-md-12 ast-product-gallery-layout-horizontal-slider ast-product-gallery-with-no-image ast-product-tabs-layout-vertical product type-product post-10293 status-publish instock product_cat-modules-es product_tag-process-standard-iso-12647-es-2 has-post-thumbnail virtual sold-individually taxable purchasable product-type-course\">\n\t<a href=\"https:\/\/prosco-x.com\/es\/shop\/module-iso12647-es\/\" class=\"woocommerce-LoopProduct-link woocommerce-loop-product__link\"><img decoding=\"async\" width=\"300\" height=\"225\" src=\"https:\/\/prosco-x.com\/wp-content\/uploads\/2018\/12\/Screenshot-SD-ISO-Check-e1545756941104-300x225.jpg\" class=\"attachment-woocommerce_thumbnail size-woocommerce_thumbnail\" alt=\"\" \/><h2 class=\"woocommerce-loop-product__title\">Proceso est\u00e1ndar-ISO-12647-ES<\/h2>\n\t<span class=\"price\"><span class=\"woocommerce-Price-amount amount\"><bdi><span class=\"woocommerce-Price-currencySymbol\">&euro;<\/span>149,00<\/bdi><\/span><\/span>\n<\/a><a href=\"\/es\/wp-json\/wp\/v2\/pages\/9419?add-to-cart=10293\" data-quantity=\"1\" class=\"button product_type_course add_to_cart_button ajax_add_to_cart \" data-product_id=\"10293\" data-product_sku=\"ISO12647-ES\" aria-label=\"Lee m\u00e1s sobre &ldquo;Proceso est\u00e1ndar-ISO-12647-ES&rdquo;\" aria-describedby=\"\" rel=\"nofollow\">Add to cart<\/a><\/li>\n\n\t\t\t\n\t\t<\/ul>\n\n\t<\/section>\n\t<\/div>\n\n\t\t\t<\/div>\n\t\t\t<\/div>\n<\/div>\n\t\t\t\t\t\t<\/div>\n\t\t\t\t<\/div>\n\t\t\t\t\t<\/div>\n\t\t<\/div>\n\t\t\t\t\t<\/div>\n\t\t<\/section>\n\t\t\t\t<\/div>\n\t\t","protected":false},"excerpt":{"rendered":"<p>Proceso est\u00e1ndar-ISO-12647 Pedir este m\u00f3dulo una vez y s\u00f3lo para usted \u00bfCompra este m\u00f3dulo solamente para usted? Entonces elija el producto a continuaci\u00f3n. Cuando se acepte el pago, recibir\u00e1: Un correo con su pedido Una factura Y a continuaci\u00f3n ya podr\u00e1 empezar con el m\u00f3dulo. Pedir uno o m\u00e1s cupones para alguna otra persona Ingrese [&hellip;]<\/p>\n","protected":false},"author":1,"featured_media":0,"parent":0,"menu_order":0,"comment_status":"closed","ping_status":"closed","template":"","meta":{"site-sidebar-layout":"default","site-content-layout":"default","ast-site-content-layout":"","site-content-style":"default","site-sidebar-style":"default","ast-global-header-display":"","ast-banner-title-visibility":"","ast-main-header-display":"","ast-hfb-above-header-display":"","ast-hfb-below-header-display":"","ast-hfb-mobile-header-display":"","site-post-title":"disabled","ast-breadcrumbs-content":"","ast-featured-img":"disabled","footer-sml-layout":"","theme-transparent-header-meta":"default","adv-header-id-meta":"","stick-header-meta":"default","header-above-stick-meta":"","header-main-stick-meta":"","header-below-stick-meta":"","astra-migrate-meta-layouts":"default","ast-page-background-enabled":"default","ast-page-background-meta":{"desktop":{"background-color":"","background-image":"","background-repeat":"repeat","background-position":"center center","background-size":"auto","background-attachment":"scroll","background-type":"","background-media":"","overlay-type":"","overlay-color":"","overlay-opacity":"","overlay-gradient":""},"tablet":{"background-color":"","background-image":"","background-repeat":"repeat","background-position":"center center","background-size":"auto","background-attachment":"scroll","background-type":"","background-media":"","overlay-type":"","overlay-color":"","overlay-opacity":"","overlay-gradient":""},"mobile":{"background-color":"","background-image":"","background-repeat":"repeat","background-position":"center center","background-size":"auto","background-attachment":"scroll","background-type":"","background-media":"","overlay-type":"","overlay-color":"","overlay-opacity":"","overlay-gradient":""}},"ast-content-background-meta":{"desktop":{"background-color":"var(--ast-global-color-5)","background-image":"","background-repeat":"repeat","background-position":"center center","background-size":"auto","background-attachment":"scroll","background-type":"","background-media":"","overlay-type":"","overlay-color":"","overlay-opacity":"","overlay-gradient":""},"tablet":{"background-color":"var(--ast-global-color-5)","background-image":"","background-repeat":"repeat","background-position":"center center","background-size":"auto","background-attachment":"scroll","background-type":"","background-media":"","overlay-type":"","overlay-color":"","overlay-opacity":"","overlay-gradient":""},"mobile":{"background-color":"var(--ast-global-color-5)","background-image":"","background-repeat":"repeat","background-position":"center center","background-size":"auto","background-attachment":"scroll","background-type":"","background-media":"","overlay-type":"","overlay-color":"","overlay-opacity":"","overlay-gradient":""}},"footnotes":""},"class_list":["post-9419","page","type-page","status-publish","hentry","desktop-align-left","tablet-align-left","mobile-align-left","ast-product-gallery-layout-horizontal-slider","ast-product-gallery-with-no-image","ast-product-tabs-layout-vertical"],"_links":{"self":[{"href":"https:\/\/prosco-x.com\/es\/wp-json\/wp\/v2\/pages\/9419","targetHints":{"allow":["GET"]}}],"collection":[{"href":"https:\/\/prosco-x.com\/es\/wp-json\/wp\/v2\/pages"}],"about":[{"href":"https:\/\/prosco-x.com\/es\/wp-json\/wp\/v2\/types\/page"}],"author":[{"embeddable":true,"href":"https:\/\/prosco-x.com\/es\/wp-json\/wp\/v2\/users\/1"}],"replies":[{"embeddable":true,"href":"https:\/\/prosco-x.com\/es\/wp-json\/wp\/v2\/comments?post=9419"}],"version-history":[{"count":0,"href":"https:\/\/prosco-x.com\/es\/wp-json\/wp\/v2\/pages\/9419\/revisions"}],"wp:attachment":[{"href":"https:\/\/prosco-x.com\/es\/wp-json\/wp\/v2\/media?parent=9419"}],"curies":[{"name":"wp","href":"https:\/\/api.w.org\/{rel}","templated":true}]}}