{"id":9785,"date":"2019-12-28T21:03:19","date_gmt":"2019-12-28T20:03:19","guid":{"rendered":"https:\/\/prosco-x.com\/?page_id=9785"},"modified":"2022-02-13T06:19:36","modified_gmt":"2022-02-13T05:19:36","slug":"privacy-policy","status":"publish","type":"page","link":"https:\/\/prosco-x.com\/es\/privacy-policy\/","title":{"rendered":"ES Privacy Policy"},"content":{"rendered":"\t\t<div data-elementor-type=\"wp-post\" data-elementor-id=\"9785\" class=\"elementor elementor-9785 elementor-3 elementor-bc-flex-widget\" data-elementor-post-type=\"page\">\n\t\t\t\t\t\t<section class=\"elementor-section elementor-top-section elementor-element elementor-element-ccee909 elementor-section-boxed elementor-section-height-default elementor-section-height-default\" data-id=\"ccee909\" data-element_type=\"section\">\n\t\t\t\t\t\t<div class=\"elementor-container elementor-column-gap-default\">\n\t\t\t\t\t<div class=\"elementor-column elementor-col-100 elementor-top-column elementor-element elementor-element-6d67afd\" data-id=\"6d67afd\" data-element_type=\"column\">\n\t\t\t<div class=\"elementor-widget-wrap elementor-element-populated\">\n\t\t\t\t\t\t<div class=\"elementor-element elementor-element-0820795 elementor-widget elementor-widget-heading\" data-id=\"0820795\" data-element_type=\"widget\" data-widget_type=\"heading.default\">\n\t\t\t\t<div class=\"elementor-widget-container\">\n\t\t\t\t\t<h2 class=\"elementor-heading-title elementor-size-default\">Pol\u00edtica de privacidad<\/h2>\t\t\t\t<\/div>\n\t\t\t\t<\/div>\n\t\t\t\t\t<\/div>\n\t\t<\/div>\n\t\t\t\t\t<\/div>\n\t\t<\/section>\n\t\t\t\t<section class=\"elementor-section elementor-top-section elementor-element elementor-element-4b27b91 elementor-section-boxed elementor-section-height-default elementor-section-height-default\" data-id=\"4b27b91\" data-element_type=\"section\">\n\t\t\t\t\t\t<div class=\"elementor-container elementor-column-gap-default\">\n\t\t\t\t\t<div class=\"elementor-column elementor-col-100 elementor-top-column elementor-element elementor-element-a64545c\" data-id=\"a64545c\" data-element_type=\"column\">\n\t\t\t<div class=\"elementor-widget-wrap elementor-element-populated\">\n\t\t\t\t\t\t<div class=\"elementor-element elementor-element-751ae73 elementor-widget elementor-widget-text-editor\" data-id=\"751ae73\" data-element_type=\"widget\" data-widget_type=\"text-editor.default\">\n\t\t\t\t<div class=\"elementor-widget-container\">\n\t\t\t\t\t\t\t\t\t<p>Prosco-x pone a su disposici\u00f3n el sitio web www.prosco-x.com y los servicios de Internet asociados. Prosco-x con domicilio social en Groot-Ammers y registrado en el registro comercial de la C\u00e1mara de Comercio de Utrecht con el n\u00famero 73176036<\/p>\n<p>Con respecto a la protecci\u00f3n de su privacidad, se aplica la siguiente pol\u00edtica;<\/p>\n<p>Prosco-x garantiza la protecci\u00f3n de la privacidad de todos los visitantes del sitio en la medida de lo posible. Esto significa que tambi\u00e9n requerimos el m\u00e1ximo esfuerzo de nuestros socios en el monitoreo de datos personales.<\/p>\n<p>Prosco-x registra datos como parte de su servicio,. Prosco-x utiliza esta informaci\u00f3n para registrar los cursos relevantes y para emitir certificados.<\/p>\n<p>PROSCO-X no proporciona su informaci\u00f3n a terceros ni la utiliza con fines publicitarios. Al registrarse, puede marcar\/indicar para recibir informaci\u00f3n o actualizaciones futuras.<\/p>\n<p>Prosco-x no registra ninguna otra informaci\u00f3n personal o datos personales. Almacenamos sus datos en un servidor seguro. Nos reservamos el derecho de cambiar nuestra pol\u00edtica de privacidad en cualquier momento. En esta p\u00e1gina siempre encontrar\u00e1 la versi\u00f3n m\u00e1s reciente. Por lo tanto, consulte nuestra pol\u00edtica de privacidad en este sitio web regularmente.<\/p>\n<h5><b>POL\u00cdTICA DE COOKIES<\/b><\/h5>\n<p>Hacemos uso de cookies en este sitio web. Una cookie es un archivo peque\u00f1o y simple que se env\u00eda a trav\u00e9s de las p\u00e1ginas desde este sitio web [y \/ o aplicaciones Flash] y que su navegador almacena en el disco duro de su ordenador. La informaci\u00f3n almacenada all\u00ed puede ser utilizada por nuestros servidores en una visita posterior.<\/p>\n<p>Cuando nos env\u00eda un correo electr\u00f3nico u otros mensajes, podemos retener esos mensajes. A veces le podemos pedir datos personales relevantes para una situaci\u00f3n en cuesti\u00f3n. Esto nos permite procesar sus preguntas y responder a sus solicitudes. Los datos se almacenan en los servidores seguros de Prosco-x. No combinaremos estos datos con otros datos personales que tengamos.<\/p>\n<h5><b>USO DE COOKIES PERMANENTES<\/b><\/h5>\n<p>Con la ayuda de una cookie permanente podemos reconocerlo en una nueva visita a nuestro sitio web. Por lo tanto, el sitio web puede adaptarse especialmente a sus preferencias. Incluso si ha dado permiso para la colocaci\u00f3n de cookies, podemos recordarlo por medio de una cookie. Debido a esto, no tiene que repetir sus preferencias, por lo que ahorrar\u00e1 tiempo y har\u00e1 un mejor uso de nuestro sitio web. Puede eliminar las cookies permanentes a trav\u00e9s de la configuraci\u00f3n de su navegador.<\/p>\n<h5><b>USO DE COOKIES DE SESI\u00d3N<\/b><\/h5>\n<p>Usando una cookie de sesi\u00f3n, podemos ver qu\u00e9 partes del sitio web ha visto durante esta visita. As\u00ed podemos ajustar nuestro servicio lo m\u00e1s posible al comportamiento de navegaci\u00f3n de nuestros visitantes. Estas cookies se eliminan autom\u00e1ticamente cuando cierra su navegador web.<\/p>\n<h5><b>COOKIES DE RASTREO PROPIAS<\/b><\/h5>\n<p>No colocamos cookies de rastreo.<\/p>\n<h5><b>COOKIES DE RASTREO DE ANUNCIANTES<\/b><\/h5>\n<p>No colocamos cookies de rastreo de ning\u00fan anunciante.<\/p>\n<h5><b>GOOGLE ANALYTICS<\/b><\/h5>\n<p>No colocamos cookies de Google Analytics.<\/p>\n<h5><b>DERECHO A LA INSPECCI\u00d3N Y CORRECCI\u00d3N O ELIMINACI\u00d3N DE SUS DATOS<\/b><\/h5>\n<p>Tiene derecho a solicitar acceso y correcci\u00f3n o eliminaci\u00f3n de sus datos. Puede contactarnos para esto. Para evitar abusos, podemos pedirle que se identifique adecuadamente. Cuando se trata de acceder a datos personales vinculados a una cookie, debe enviar una copia de la cookie en cuesti\u00f3n. Puede encontrarla en la configuraci\u00f3n de su navegador.<\/p>\n<p>Puede encontrar m\u00e1s informaci\u00f3n sobre c\u00f3mo activar, desactivar y eliminar cookies en la funci\u00f3n de Ayuda de su navegador.<\/p>\n<p>Regularmente verificamos si cumplimos con esta pol\u00edtica de privacidad. Si tiene alguna pregunta sobre esta pol\u00edtica de privacidad, cont\u00e1ctenos:<\/p>\n<p>Prosco-x | Schoonhovenseveer 27 | 2964 GB Groot-Ammers | The Netherlands | info@prosco-x.com<\/p>\n\t\t\t\t\t\t\t\t<\/div>\n\t\t\t\t<\/div>\n\t\t\t\t\t<\/div>\n\t\t<\/div>\n\t\t\t\t\t<\/div>\n\t\t<\/section>\n\t\t\t\t<\/div>\n\t\t","protected":false},"excerpt":{"rendered":"<p>Pol\u00edtica de privacidad Prosco-x pone a su disposici\u00f3n el sitio web www.prosco-x.com y los servicios de Internet asociados. Prosco-x con domicilio social en Groot-Ammers y registrado en el registro comercial de la C\u00e1mara de Comercio de Utrecht con el n\u00famero 73176036 Con respecto a la protecci\u00f3n de su privacidad, se aplica la siguiente pol\u00edtica; Prosco-x [&hellip;]<\/p>\n","protected":false},"author":1,"featured_media":0,"parent":0,"menu_order":0,"comment_status":"closed","ping_status":"closed","template":"","meta":{"site-sidebar-layout":"default","site-content-layout":"default","ast-site-content-layout":"","site-content-style":"default","site-sidebar-style":"default","ast-global-header-display":"","ast-banner-title-visibility":"","ast-main-header-display":"","ast-hfb-above-header-display":"","ast-hfb-below-header-display":"","ast-hfb-mobile-header-display":"","site-post-title":"disabled","ast-breadcrumbs-content":"","ast-featured-img":"disabled","footer-sml-layout":"","theme-transparent-header-meta":"default","adv-header-id-meta":"","stick-header-meta":"default","header-above-stick-meta":"","header-main-stick-meta":"","header-below-stick-meta":"","astra-migrate-meta-layouts":"default","ast-page-background-enabled":"default","ast-page-background-meta":{"desktop":{"background-color":"","background-image":"","background-repeat":"repeat","background-position":"center center","background-size":"auto","background-attachment":"scroll","background-type":"","background-media":"","overlay-type":"","overlay-color":"","overlay-opacity":"","overlay-gradient":""},"tablet":{"background-color":"","background-image":"","background-repeat":"repeat","background-position":"center center","background-size":"auto","background-attachment":"scroll","background-type":"","background-media":"","overlay-type":"","overlay-color":"","overlay-opacity":"","overlay-gradient":""},"mobile":{"background-color":"","background-image":"","background-repeat":"repeat","background-position":"center center","background-size":"auto","background-attachment":"scroll","background-type":"","background-media":"","overlay-type":"","overlay-color":"","overlay-opacity":"","overlay-gradient":""}},"ast-content-background-meta":{"desktop":{"background-color":"var(--ast-global-color-5)","background-image":"","background-repeat":"repeat","background-position":"center center","background-size":"auto","background-attachment":"scroll","background-type":"","background-media":"","overlay-type":"","overlay-color":"","overlay-opacity":"","overlay-gradient":""},"tablet":{"background-color":"var(--ast-global-color-5)","background-image":"","background-repeat":"repeat","background-position":"center center","background-size":"auto","background-attachment":"scroll","background-type":"","background-media":"","overlay-type":"","overlay-color":"","overlay-opacity":"","overlay-gradient":""},"mobile":{"background-color":"var(--ast-global-color-5)","background-image":"","background-repeat":"repeat","background-position":"center center","background-size":"auto","background-attachment":"scroll","background-type":"","background-media":"","overlay-type":"","overlay-color":"","overlay-opacity":"","overlay-gradient":""}},"footnotes":""},"class_list":["post-9785","page","type-page","status-publish","hentry"],"_links":{"self":[{"href":"https:\/\/prosco-x.com\/es\/wp-json\/wp\/v2\/pages\/9785","targetHints":{"allow":["GET"]}}],"collection":[{"href":"https:\/\/prosco-x.com\/es\/wp-json\/wp\/v2\/pages"}],"about":[{"href":"https:\/\/prosco-x.com\/es\/wp-json\/wp\/v2\/types\/page"}],"author":[{"embeddable":true,"href":"https:\/\/prosco-x.com\/es\/wp-json\/wp\/v2\/users\/1"}],"replies":[{"embeddable":true,"href":"https:\/\/prosco-x.com\/es\/wp-json\/wp\/v2\/comments?post=9785"}],"version-history":[{"count":0,"href":"https:\/\/prosco-x.com\/es\/wp-json\/wp\/v2\/pages\/9785\/revisions"}],"wp:attachment":[{"href":"https:\/\/prosco-x.com\/es\/wp-json\/wp\/v2\/media?parent=9785"}],"curies":[{"name":"wp","href":"https:\/\/api.w.org\/{rel}","templated":true}]}}