{"id":9879,"date":"2019-12-28T22:19:07","date_gmt":"2019-12-28T21:19:07","guid":{"rendered":"https:\/\/prosco-x.com\/?page_id=9879"},"modified":"2022-02-13T06:20:54","modified_gmt":"2022-02-13T05:20:54","slug":"terms-and-conditions","status":"publish","type":"page","link":"https:\/\/prosco-x.com\/es\/terms-and-conditions\/","title":{"rendered":"ES Terms and Conditions"},"content":{"rendered":"\t\t<div data-elementor-type=\"wp-post\" data-elementor-id=\"9879\" class=\"elementor elementor-9879 elementor-5251 elementor-bc-flex-widget\" data-elementor-post-type=\"page\">\n\t\t\t\t\t\t<section class=\"elementor-section elementor-top-section elementor-element elementor-element-595612b elementor-section-boxed elementor-section-height-default elementor-section-height-default\" data-id=\"595612b\" data-element_type=\"section\">\n\t\t\t\t\t\t<div class=\"elementor-container elementor-column-gap-default\">\n\t\t\t\t\t<div class=\"elementor-column elementor-col-100 elementor-top-column elementor-element elementor-element-838ff81\" data-id=\"838ff81\" data-element_type=\"column\">\n\t\t\t<div class=\"elementor-widget-wrap elementor-element-populated\">\n\t\t\t\t\t\t<div class=\"elementor-element elementor-element-360934f elementor-widget elementor-widget-heading\" data-id=\"360934f\" data-element_type=\"widget\" data-widget_type=\"heading.default\">\n\t\t\t\t<div class=\"elementor-widget-container\">\n\t\t\t\t\t<h2 class=\"elementor-heading-title elementor-size-default\">T\u00e9rminos y Condiciones<\/h2>\t\t\t\t<\/div>\n\t\t\t\t<\/div>\n\t\t\t\t\t<\/div>\n\t\t<\/div>\n\t\t\t\t\t<\/div>\n\t\t<\/section>\n\t\t\t\t<section class=\"elementor-section elementor-top-section elementor-element elementor-element-62077e2 elementor-section-boxed elementor-section-height-default elementor-section-height-default\" data-id=\"62077e2\" data-element_type=\"section\">\n\t\t\t\t\t\t<div class=\"elementor-container elementor-column-gap-default\">\n\t\t\t\t\t<div class=\"elementor-column elementor-col-100 elementor-top-column elementor-element elementor-element-2d1007e\" data-id=\"2d1007e\" data-element_type=\"column\">\n\t\t\t<div class=\"elementor-widget-wrap elementor-element-populated\">\n\t\t\t\t\t\t<div class=\"elementor-element elementor-element-08ed88b elementor-widget elementor-widget-text-editor\" data-id=\"08ed88b\" data-element_type=\"widget\" data-widget_type=\"text-editor.default\">\n\t\t\t\t<div class=\"elementor-widget-container\">\n\t\t\t\t\t\t\t\t\t<h5>ART\u00cdCULO 1: DEFINICIONES<\/h5>\n<ol>\n<li>Prosco-x, establecida en Groot-Ammers, C\u00e1mara de Comercio n\u00famero 73176036, se refiere en estos t\u00e9rminos y condiciones como vendedor.<\/li>\n<li>La otra parte del vendedor se refiere en estos t\u00e9rminos y condiciones como el comprador.<\/li>\n<li>Las partes son vendedor y comprador juntas.<\/li>\n<li>El acuerdo significa; el acuerdo de compra entre las partes.<\/li>\n<\/ol>\n<h5>ART\u00cdCULO 2: APLICABILIDAD DE LOS T\u00c9RMINOS Y CONDICIONES GENERALES<\/h5>\n<ol>\n<li>Estos t\u00e9rminos y condiciones se aplican a todas las cotizaciones, ofertas, acuerdos y entregas de servicios o bienes por o en nombre del vendedor.<\/li>\n<li>La desviaci\u00f3n de estos t\u00e9rminos y condiciones solo es posible si las partes lo han acordado expl\u00edcitamente y por escrito..<\/li>\n<\/ol>\n<h5>ART\u00cdCULO 3: PAGO<\/h5>\n<ol>\n<li>El precio total de compra siempre se paga inmediatamente en la tienda.<br \/>\nSi el comprador no paga a tiempo, est\u00e1 en incumplimiento.<\/li>\n<li>Si el comprador permanece en incumplimiento, el vendedor tiene derecho a suspender las obligaciones hasta que el comprador haya cumplido su obligaci\u00f3n de pago.<\/li>\n<\/ol>\n<h5>ART\u00cdCULO 4: OFERTAS, COTIZACIONES Y PRECIOS<\/h5>\n<ol>\n<li>Las ofertas son sin compromiso, a menos que se mencione un t\u00e9rmino de aceptaci\u00f3n en la oferta. Si la oferta no se acepta dentro de ese per\u00edodo, la oferta caducar\u00e1.<\/li>\n<li>Los plazos de entrega en las cotizaciones son indicativos y no otorgan al comprador el derecho de disoluci\u00f3n o compensaci\u00f3n si se excede, a menos que las partes hayan acordado expl\u00edcitamente lo contrario por escrito.<\/li>\n<li>Las ofertas y cotizaciones no se aplican autom\u00e1ticamente a los pedidos repetidos. Las partes deben acordarlo expresamente por escrito.<\/li>\n<li>El precio indicado en las ofertas, cotizaciones y facturas consiste en el precio de compra, incluido el IVA adeudado y cualquier otro gravamen gubernamental.<\/li>\n<\/ol>\n<h5>ART\u00cdCULO 5: DERECHO DE RETIRO<\/h5>\n<ol>\n<li>El consumidor tiene derecho a rescindir el contrato sin dar ning\u00fan motivo dentro de los 14 d\u00edas posteriores a la recepci\u00f3n del pedido (derecho de desistimiento). El t\u00e9rmino comienza desde el momento en que el consumidor recibe el pedido (completo).<\/li>\n<li>No hay derecho de desistimiento cuando los productos se han hecho a medida seg\u00fan sus especificaciones.<\/li>\n<\/ol>\n<h5>ART\u00cdCULO 6: MODIFICACI\u00d3N DEL ACUERDO<\/h5>\n<ol>\n<li>Si durante la ejecuci\u00f3n del acuerdo se hace evidente que es necesario que el desempe\u00f1o adecuado de la tarea cambie o complemente el trabajo a realizar, las partes ajustar\u00e1n el acuerdo en consecuencia a su debido tiempo y en consulta mutua.<\/li>\n<li>Si las partes acuerdan que el acuerdo ser\u00e1 enmendado o complementado, el tiempo de finalizaci\u00f3n de la ejecuci\u00f3n puede verse influenciado como resultado. El vendedor informar\u00e1 al comprador lo antes posible.<\/li>\n<li>Si el cambio o complemento del acuerdo tiene consecuencias financieras y \/ o cualitativas, el vendedor informar\u00e1 al comprador por escrito sobre esto por adelantado.<\/li>\n<li>Si las partes han acordado un precio fijo, el vendedor indicar\u00e1 en qu\u00e9 medida el cambio o suplemento del acuerdo resultar\u00e1 en un exceso de este precio.<\/li>\n<li>Contrariamente a lo dispuesto en el tercer p\u00e1rrafo de este art\u00edculo, el vendedor no puede cobrar costos adicionales si el cambio o suplemento es el resultado de circunstancias que se le pueden atribuir.<\/li>\n<\/ol>\n<h5>ART\u00cdCULO 7: ENTREGA Y TRANSICI\u00d3N DE RIESGOS<\/h5>\n<ol>\n<li>Una vez que el comprador ha recibido los bienes comprados, el riesgo pasa del vendedor al comprador.<\/li>\n<\/ol>\n<h5>ART\u00cdCULO 8: INVESTIGACI\u00d3N, PUBLICIDAD<\/h5>\n<ol>\n<li>El comprador est\u00e1 obligado a inspeccionar los bienes entregados en el momento de la entrega, pero en cualquier caso, en el menor tiempo posible. Al hacerlo, el comprador debe investigar si la calidad y la cantidad de los bienes entregados se corresponden con lo que las partes han acordado, al menos que la calidad y la cantidad cumplan con los requisitos que se aplican al tr\u00e1fico normal (comercial).<\/li>\n<li>Las desviaciones menores y \/ o habituales y las diferencias en calidad, cantidad, tama\u00f1o o acabado no pueden invocarse contra el vendedor.<\/li>\n<li>Las quejas relacionadas con un determinado producto no afectan a otros productos o partes que pertenecen al mismo acuerdo.<\/li>\n<\/ol>\n<h5>ART\u00cdCULO 9: ENTREGA<\/h5>\n<ol>\n<li>El Vendedor tiene derecho a entregar los productos en partes, a menos que las partes hayan acordado lo contrario por escrito o si la entrega no tiene un valor independiente. El vendedor tiene derecho, a partir de la entrega en partes, de facturar estas partes por separado.<\/li>\n<\/ol>\n<h5>ART\u00cdCULO 10: FUERZA MAYOR<\/h5>\n<ol>\n<li>Si el vendedor no puede cumplir oportunamente o no cumple adecuadamente con sus obligaciones en virtud del acuerdo debido a fuerza mayor, entonces no es responsable por los da\u00f1os sufridos por el comprador.<\/li>\n<li>Fuerza mayor en cualquier caso significa cualquier circunstancia con la cual el vendedor no pudo tener en cuenta al momento de celebrar el acuerdo y como resultado de la cual el comprador no puede exigir razonablemente la ejecuci\u00f3n normal del acuerdo, como por ejemplo , enfermedad, guerra o peligro de guerra, guerra civil y revuelta, abuso sexual, sabotaje, terrorismo, falla de energ\u00eda, inundaci\u00f3n, terremoto, incendio, ocupaci\u00f3n, huelgas, exclusi\u00f3n de la fuerza laboral, medidas gubernamentales alteradas, problemas de transporte y otras fallas en el negocio del vendedor.<\/li>\n<li>Adem\u00e1s, las partes bajo fuerza mayor entienden la circunstancia de que los subcontratistas de los cuales depende el vendedor para la implementaci\u00f3n del acuerdo, no cumplen con las obligaciones contractuales hacia el vendedor, a menos que esto se pueda culpar al vendedor.<\/li>\n<li>Si surge una situaci\u00f3n como la mencionada anteriormente como resultado de la cual el vendedor no puede cumplir con sus obligaciones hacia el comprador, estas obligaciones se suspender\u00e1n mientras el vendedor no pueda cumplir con sus obligaciones. Si la situaci\u00f3n mencionada en la oraci\u00f3n anterior ha durado 30 d\u00edas de calendario, las partes tienen derecho a disolver el acuerdo por escrito en su totalidad o en parte.<\/li>\n<li>En caso de que la fuerza mayor dure m\u00e1s de tres meses, el comprador tiene derecho a disolver el acuerdo con efecto inmediato. La disoluci\u00f3n solo puede hacerse por correo certificado.<\/li>\n<\/ol>\n<h5>ART\u00cdCULO 11: TRANSFERENCIA DE DERECHOS<\/h5>\n<ol>\n<li>Los derechos de una parte de este acuerdo no pueden transferirse sin el consentimiento previo por escrito de la otra parte. Esta disposici\u00f3n se aplica como una cl\u00e1usula con efecto de ley de propiedad como se menciona en la Secci\u00f3n 3:83 (2) del C\u00f3digo Civil Holand\u00e9s.<\/li>\n<\/ol>\n<h5>ART\u00cdCULO 12: RESPONSABILIDAD<\/h5>\n<ol>\n<li>Cualquier responsabilidad por da\u00f1os que surjan o est\u00e9n relacionados con la ejecuci\u00f3n de un acuerdo siempre se limita al importe que pagan los seguros de responsabilidad cerrada en el caso pertinente. Este importe se incrementa por el importe del deducible de acuerdo con la pol\u00edtica pertinente.<\/li>\n<li>No se excluye la responsabilidad del vendedor por da\u00f1os resultantes de intenciones o imprudencia deliberada por parte del vendedor o sus subordinados gerenciales.<\/li>\n<\/ol>\n<h5>ART\u00cdCULO 13: QUEJAS<\/h5>\n<ol>\n<li>El comprador est\u00e1 obligado a informar de inmediato las quejas sobre el trabajo realizado al vendedor. La queja contendr\u00e1 una descripci\u00f3n lo m\u00e1s detallada posible de la deficiencia, para que el vendedor pueda responder adecuadamente.<\/li>\n<li>Si una queja es fundada, el vendedor est\u00e1 obligado a reparar la mercanc\u00eda.<\/li>\n<\/ol>\n<h5>ART\u00cdCULO 14: GARANT\u00cdAS<\/h5>\n<ol>\n<li>Si se incluyen garant\u00edas en el acuerdo, se aplica lo siguiente. El vendedor garantiza que los productos vendidos cumplen con el acuerdo, que funcionar\u00e1 sin defectos y que es adecuado para el uso que el comprador pretende hacer. Esta garant\u00eda se aplica por un per\u00edodo de un a\u00f1o de calendario despu\u00e9s de la recepci\u00f3n de lo vendido por el comprador.<\/li>\n<li>La garant\u00eda en cuesti\u00f3n est\u00e1 destinada a establecer una distribuci\u00f3n de riesgos entre el vendedor y el comprador de tal manera que las consecuencias del incumplimiento de una garant\u00eda siempre sean totalmente a riesgo y gasto del vendedor y que el vendedor nunca pueda incumplir una garant\u00eda a este respecto, apela a la Secci\u00f3n 6:75 BW. Las disposiciones de la oraci\u00f3n anterior tambi\u00e9n se aplican si la infracci\u00f3n era conocida por el comprador o podr\u00eda haberse sabido al realizar una investigaci\u00f3n.<\/li>\n<li>Dicha garant\u00eda no se aplica si el defecto surgi\u00f3 como resultado de un uso il\u00edcito o incorrecto o si, sin permiso, el comprador o terceros han realizado cambios o han intentado realizar cambios o han utilizado los productos comprados para fines para los que no est\u00e1n destinados.<\/li>\n<li>Si la garant\u00eda provista por el vendedor se relaciona con un caso producido por un tercero, la garant\u00eda se limita a la garant\u00eda provista por ese productor.<\/li>\n<\/ol>\n<h5>ART\u00cdCULO 15: LEY APLICABLE<\/h5>\n<ol>\n<li>La ley holandesa se aplica exclusivamente a este acuerdo entre vendedor y comprador. El juez holand\u00e9s es competente.<\/li>\n<li>Se excluye la aplicabilidad de la Convenci\u00f3n de Viena sobre ventas.<\/li>\n<li>Si una o m\u00e1s disposiciones de estos t\u00e9rminos y condiciones generales se consideran irrazonablemente onerosas en los procedimientos judiciales, las disposiciones restantes seguir\u00e1n vigentes.<\/li>\n<\/ol>\n<h5>ART\u00cdCULO 16: SELECCI\u00d3N DEL FORO.<\/h5>\n<ol>\n<li>Todas las disputas derivadas de este acuerdo se presentan exclusivamente ante el tribunal competente del Tribunal de Distrito de los Pa\u00edses Bajos Centrales.<\/li>\n<\/ol>\n\t\t\t\t\t\t\t\t<\/div>\n\t\t\t\t<\/div>\n\t\t\t\t\t<\/div>\n\t\t<\/div>\n\t\t\t\t\t<\/div>\n\t\t<\/section>\n\t\t\t\t<\/div>\n\t\t","protected":false},"excerpt":{"rendered":"<p>T\u00e9rminos y Condiciones ART\u00cdCULO 1: DEFINICIONES Prosco-x, establecida en Groot-Ammers, C\u00e1mara de Comercio n\u00famero 73176036, se refiere en estos t\u00e9rminos y condiciones como vendedor. La otra parte del vendedor se refiere en estos t\u00e9rminos y condiciones como el comprador. Las partes son vendedor y comprador juntas. El acuerdo significa; el acuerdo de compra entre las [&hellip;]<\/p>\n","protected":false},"author":1,"featured_media":0,"parent":0,"menu_order":0,"comment_status":"closed","ping_status":"closed","template":"","meta":{"site-sidebar-layout":"no-sidebar","site-content-layout":"page-builder","ast-site-content-layout":"","site-content-style":"default","site-sidebar-style":"default","ast-global-header-display":"","ast-banner-title-visibility":"","ast-main-header-display":"","ast-hfb-above-header-display":"","ast-hfb-below-header-display":"","ast-hfb-mobile-header-display":"","site-post-title":"disabled","ast-breadcrumbs-content":"","ast-featured-img":"disabled","footer-sml-layout":"","theme-transparent-header-meta":"default","adv-header-id-meta":"","stick-header-meta":"default","header-above-stick-meta":"","header-main-stick-meta":"","header-below-stick-meta":"","astra-migrate-meta-layouts":"default","ast-page-background-enabled":"default","ast-page-background-meta":{"desktop":{"background-color":"","background-image":"","background-repeat":"repeat","background-position":"center center","background-size":"auto","background-attachment":"scroll","background-type":"","background-media":"","overlay-type":"","overlay-color":"","overlay-opacity":"","overlay-gradient":""},"tablet":{"background-color":"","background-image":"","background-repeat":"repeat","background-position":"center center","background-size":"auto","background-attachment":"scroll","background-type":"","background-media":"","overlay-type":"","overlay-color":"","overlay-opacity":"","overlay-gradient":""},"mobile":{"background-color":"","background-image":"","background-repeat":"repeat","background-position":"center center","background-size":"auto","background-attachment":"scroll","background-type":"","background-media":"","overlay-type":"","overlay-color":"","overlay-opacity":"","overlay-gradient":""}},"ast-content-background-meta":{"desktop":{"background-color":"var(--ast-global-color-5)","background-image":"","background-repeat":"repeat","background-position":"center center","background-size":"auto","background-attachment":"scroll","background-type":"","background-media":"","overlay-type":"","overlay-color":"","overlay-opacity":"","overlay-gradient":""},"tablet":{"background-color":"var(--ast-global-color-5)","background-image":"","background-repeat":"repeat","background-position":"center center","background-size":"auto","background-attachment":"scroll","background-type":"","background-media":"","overlay-type":"","overlay-color":"","overlay-opacity":"","overlay-gradient":""},"mobile":{"background-color":"var(--ast-global-color-5)","background-image":"","background-repeat":"repeat","background-position":"center center","background-size":"auto","background-attachment":"scroll","background-type":"","background-media":"","overlay-type":"","overlay-color":"","overlay-opacity":"","overlay-gradient":""}},"footnotes":""},"class_list":["post-9879","page","type-page","status-publish","hentry"],"_links":{"self":[{"href":"https:\/\/prosco-x.com\/es\/wp-json\/wp\/v2\/pages\/9879","targetHints":{"allow":["GET"]}}],"collection":[{"href":"https:\/\/prosco-x.com\/es\/wp-json\/wp\/v2\/pages"}],"about":[{"href":"https:\/\/prosco-x.com\/es\/wp-json\/wp\/v2\/types\/page"}],"author":[{"embeddable":true,"href":"https:\/\/prosco-x.com\/es\/wp-json\/wp\/v2\/users\/1"}],"replies":[{"embeddable":true,"href":"https:\/\/prosco-x.com\/es\/wp-json\/wp\/v2\/comments?post=9879"}],"version-history":[{"count":0,"href":"https:\/\/prosco-x.com\/es\/wp-json\/wp\/v2\/pages\/9879\/revisions"}],"wp:attachment":[{"href":"https:\/\/prosco-x.com\/es\/wp-json\/wp\/v2\/media?parent=9879"}],"curies":[{"name":"wp","href":"https:\/\/api.w.org\/{rel}","templated":true}]}}