{"id":10293,"date":"2018-12-15T11:50:29","date_gmt":"2018-12-15T11:50:29","guid":{"rendered":"https:\/\/prosco-x.com\/shop\/process-standard-iso-12647\/"},"modified":"2020-02-24T23:00:56","modified_gmt":"2020-02-24T23:00:56","slug":"module-iso12647-es","status":"publish","type":"product","link":"https:\/\/prosco-x.com\/es\/shop\/module-iso12647-es\/","title":{"rendered":"Proceso est\u00e1ndar-ISO-12647-ES"},"content":{"rendered":"\t\t<div data-elementor-type=\"product-post\" data-elementor-id=\"10293\" class=\"elementor elementor-10293 elementor-bc-flex-widget\" data-elementor-post-type=\"product\">\n\t\t\t\t\t\t<section class=\"elementor-section elementor-top-section elementor-element elementor-element-572440d elementor-section-boxed elementor-section-height-default elementor-section-height-default\" data-id=\"572440d\" data-element_type=\"section\">\n\t\t\t\t\t\t<div class=\"elementor-container elementor-column-gap-default\">\n\t\t\t\t\t<div class=\"elementor-column elementor-col-100 elementor-top-column elementor-element elementor-element-8e69f96\" data-id=\"8e69f96\" data-element_type=\"column\">\n\t\t\t<div class=\"elementor-widget-wrap elementor-element-populated\">\n\t\t\t\t\t\t<div class=\"elementor-element elementor-element-a17bd48 elementor-widget elementor-widget-text-editor\" data-id=\"a17bd48\" data-element_type=\"widget\" data-widget_type=\"text-editor.default\">\n\t\t\t\t<div class=\"elementor-widget-container\">\n\t\t\t\t\t\t\t\t\t<p>Este m\u00f3dulo lo lleva a controlar todo el proceso de producci\u00f3n como se define en ISO 12647-2: 2013.<\/p>\n<p>Sobre la base del fot\u00f3metro espectral Techkon SpectroDens, explicamos qu\u00e9 m\u00f3dulos de medici\u00f3n se pueden utilizar mejor para, por ejemplo, verificar una prueba de contrato. Pero tambi\u00e9n c\u00f3mo puede lograr mejor el espesor \u00f3ptimo de la capa de tinta de acuerdo con este est\u00e1ndar. C\u00f3mo puede usar el instrumento para determinar y monitorear las mediciones &#8220;h\u00famedas&#8221; para que pueda intervenir en caso de una desviaci\u00f3n.<\/p>\n<p>Tambi\u00e9n le ense\u00f1amos no solo a determinar si algo es satisfactorio o no, sino tambi\u00e9n a comprender c\u00f3mo puede ocurrir una desviaci\u00f3n y qu\u00e9 podr\u00eda hacer para mejorarla. En el entorno de preimpresi\u00f3n llamar\u00edamos a eso calibraci\u00f3n, pero no usamos este t\u00e9rmino lo suficiente en la impresi\u00f3n. La calibraci\u00f3n est\u00e1 volviendo a una situaci\u00f3n \u00f3ptima.<\/p>\n\t\t\t\t\t\t\t\t<\/div>\n\t\t\t\t<\/div>\n\t\t\t\t\t<\/div>\n\t\t<\/div>\n\t\t\t\t\t<\/div>\n\t\t<\/section>\n\t\t\t\t<\/div>\n\t\t","protected":false},"excerpt":{"rendered":"<div class=\"ld_course_grid col-sm-6 col-md-4 \">\n<article id=\"post-1089\" class=\"thumbnail course post-1089 sfwd-courses type-sfwd-courses status-publish has-post-thumbnail hentry ast-article-single\">\n<div class=\"caption\">\n<p class=\"entry-content\">Al presionar el bot\u00f3n &#8220;En el carrito de compras&#8221;, compra este m\u00f3dulo para usted y obtiene acceso directo a este m\u00f3dulo.<br \/>\nSi ha recibido un c\u00f3digo de cup\u00f3n, ingr\u00e9selo al finalizar la compra y el m\u00f3dulo tambi\u00e9n estar\u00e1 disponible.<\/p>\n<\/div>\n<\/article>\n<\/div>\n","protected":false},"featured_media":10177,"template":"","meta":{"site-sidebar-layout":"default","site-content-layout":"default","ast-site-content-layout":"","site-content-style":"default","site-sidebar-style":"default","ast-global-header-display":"","ast-banner-title-visibility":"","ast-main-header-display":"","ast-hfb-above-header-display":"","ast-hfb-below-header-display":"","ast-hfb-mobile-header-display":"","site-post-title":"disabled","ast-breadcrumbs-content":"","ast-featured-img":"disabled","footer-sml-layout":"","theme-transparent-header-meta":"default","adv-header-id-meta":"","stick-header-meta":"default","header-above-stick-meta":"","header-main-stick-meta":"","header-below-stick-meta":"","astra-migrate-meta-layouts":"default","ast-page-background-enabled":"default","ast-page-background-meta":{"desktop":{"background-color":"","background-image":"","background-repeat":"repeat","background-position":"center center","background-size":"auto","background-attachment":"scroll","background-type":"","background-media":"","overlay-type":"","overlay-color":"","overlay-opacity":"","overlay-gradient":""},"tablet":{"background-color":"","background-image":"","background-repeat":"repeat","background-position":"center center","background-size":"auto","background-attachment":"scroll","background-type":"","background-media":"","overlay-type":"","overlay-color":"","overlay-opacity":"","overlay-gradient":""},"mobile":{"background-color":"","background-image":"","background-repeat":"repeat","background-position":"center center","background-size":"auto","background-attachment":"scroll","background-type":"","background-media":"","overlay-type":"","overlay-color":"","overlay-opacity":"","overlay-gradient":""}},"ast-content-background-meta":{"desktop":{"background-color":"var(--ast-global-color-5)","background-image":"","background-repeat":"repeat","background-position":"center center","background-size":"auto","background-attachment":"scroll","background-type":"","background-media":"","overlay-type":"","overlay-color":"","overlay-opacity":"","overlay-gradient":""},"tablet":{"background-color":"var(--ast-global-color-5)","background-image":"","background-repeat":"repeat","background-position":"center center","background-size":"auto","background-attachment":"scroll","background-type":"","background-media":"","overlay-type":"","overlay-color":"","overlay-opacity":"","overlay-gradient":""},"mobile":{"background-color":"var(--ast-global-color-5)","background-image":"","background-repeat":"repeat","background-position":"center center","background-size":"auto","background-attachment":"scroll","background-type":"","background-media":"","overlay-type":"","overlay-color":"","overlay-opacity":"","overlay-gradient":""}}},"product_cat":[395],"product_tag":[397],"class_list":{"0":"post-10293","1":"product","2":"type-product","3":"status-publish","4":"has-post-thumbnail","6":"product_cat-modules-es","7":"product_tag-process-standard-iso-12647-es-2","8":"desktop-align-left","9":"tablet-align-left","10":"mobile-align-left","11":"ast-product-gallery-layout-horizontal-slider","12":"ast-product-gallery-with-no-image","13":"ast-product-tabs-layout-vertical","15":"first","16":"instock","17":"virtual","18":"sold-individually","19":"taxable","20":"purchasable","21":"product-type-course"},"_links":{"self":[{"href":"https:\/\/prosco-x.com\/es\/wp-json\/wp\/v2\/product\/10293","targetHints":{"allow":["GET"]}}],"collection":[{"href":"https:\/\/prosco-x.com\/es\/wp-json\/wp\/v2\/product"}],"about":[{"href":"https:\/\/prosco-x.com\/es\/wp-json\/wp\/v2\/types\/product"}],"version-history":[{"count":0,"href":"https:\/\/prosco-x.com\/es\/wp-json\/wp\/v2\/product\/10293\/revisions"}],"wp:featuredmedia":[{"embeddable":true,"href":"https:\/\/prosco-x.com\/es\/wp-json\/wp\/v2\/media\/10177"}],"wp:attachment":[{"href":"https:\/\/prosco-x.com\/es\/wp-json\/wp\/v2\/media?parent=10293"}],"wp:term":[{"taxonomy":"product_cat","embeddable":true,"href":"https:\/\/prosco-x.com\/es\/wp-json\/wp\/v2\/product_cat?post=10293"},{"taxonomy":"product_tag","embeddable":true,"href":"https:\/\/prosco-x.com\/es\/wp-json\/wp\/v2\/product_tag?post=10293"}],"curies":[{"name":"wp","href":"https:\/\/api.w.org\/{rel}","templated":true}]}}