{"id":11383,"date":"2018-12-16T21:22:28","date_gmt":"2018-12-16T21:22:28","guid":{"rendered":"https:\/\/prosco-x.com\/shop\/prepress-coupon-es\/"},"modified":"2020-02-23T13:33:10","modified_gmt":"2020-02-23T13:33:10","slug":"prepress-coupon-es","status":"publish","type":"product","link":"https:\/\/prosco-x.com\/es\/shop\/prepress-coupon-es\/","title":{"rendered":"Prepress (Coupon) ES"},"content":{"rendered":"\t\t<div data-elementor-type=\"product-post\" data-elementor-id=\"11383\" class=\"elementor elementor-11383 elementor-bc-flex-widget\" data-elementor-post-type=\"product\">\n\t\t\t\t\t\t<section class=\"elementor-section elementor-top-section elementor-element elementor-element-7663b769 elementor-section-boxed elementor-section-height-default elementor-section-height-default\" data-id=\"7663b769\" data-element_type=\"section\">\n\t\t\t\t\t\t<div class=\"elementor-container elementor-column-gap-default\">\n\t\t\t\t\t<div class=\"elementor-column elementor-col-100 elementor-top-column elementor-element elementor-element-50f583ce\" data-id=\"50f583ce\" data-element_type=\"column\">\n\t\t\t<div class=\"elementor-widget-wrap elementor-element-populated\">\n\t\t\t\t\t\t<div class=\"elementor-element elementor-element-3f6442d0 elementor-widget elementor-widget-text-editor\" data-id=\"3f6442d0\" data-element_type=\"widget\" data-widget_type=\"text-editor.default\">\n\t\t\t\t<div class=\"elementor-widget-container\">\n\t\t\t\t\t\t\t\t\t<h5>UN BUEN PRODUCTO CUALITATIVO COMIENZA AHORA UNA VEZ CON UNA BUENA PREPARACI\u00d3N.<\/h5>\n<p>A continuaci\u00f3n encontrar\u00e1 la descripci\u00f3n general de nuestros cursos de capacitaci\u00f3n en l\u00ednea. Desde la gesti\u00f3n del color hasta el PDF optimizado y verificado antes del env\u00edo. Con esta instrucci\u00f3n, puede producir archivos perfectos listos para imprimir.<\/p>\n<h5>NUEVAS NORMAS<\/h5>\n<p>Todas las instrucciones se basan en los \u00faltimos desarrollos con respecto al est\u00e1ndar de impresi\u00f3n ISO 12647-2: 2013 para offset alimentado por hojas e ISO 12647-2: 2016 para preimpresi\u00f3n y pruebas de contrato. Los perfiles de color y la configuraci\u00f3n de color son las versiones m\u00e1s actuales del momento y garantizan la m\u00e1xima calidad.<\/p>\n<p>El est\u00e1ndar PDF tambi\u00e9n es completamente nuevo y est\u00e1 alineado con el est\u00e1ndar internacional PDF \/ X-4. Todos los asuntos se explican claramente en los diversos videos instructivos.<\/p>\n\t\t\t\t\t\t\t\t<\/div>\n\t\t\t\t<\/div>\n\t\t\t\t\t<\/div>\n\t\t<\/div>\n\t\t\t\t\t<\/div>\n\t\t<\/section>\n\t\t\t\t<\/div>\n\t\t","protected":false},"excerpt":{"rendered":"<ul>\n<li>Para uno o m\u00e1s estudiantes<\/li>\n<li>Genera c\u00f3digos de cup\u00f3n para acceder a este m\u00f3dulo<\/li>\n<li>Proporciona acceso a este m\u00f3dulo durante 12 meses<\/li>\n<li>Certificado exclusivo<\/li>\n<\/ul>\n","protected":false},"featured_media":11385,"template":"","meta":{"site-sidebar-layout":"default","site-content-layout":"default","ast-site-content-layout":"","site-content-style":"default","site-sidebar-style":"default","ast-global-header-display":"","ast-banner-title-visibility":"","ast-main-header-display":"","ast-hfb-above-header-display":"","ast-hfb-below-header-display":"","ast-hfb-mobile-header-display":"","site-post-title":"disabled","ast-breadcrumbs-content":"","ast-featured-img":"disabled","footer-sml-layout":"","theme-transparent-header-meta":"default","adv-header-id-meta":"","stick-header-meta":"default","header-above-stick-meta":"","header-main-stick-meta":"","header-below-stick-meta":"","astra-migrate-meta-layouts":"default","ast-page-background-enabled":"default","ast-page-background-meta":{"desktop":{"background-color":"","background-image":"","background-repeat":"repeat","background-position":"center center","background-size":"auto","background-attachment":"scroll","background-type":"","background-media":"","overlay-type":"","overlay-color":"","overlay-opacity":"","overlay-gradient":""},"tablet":{"background-color":"","background-image":"","background-repeat":"repeat","background-position":"center center","background-size":"auto","background-attachment":"scroll","background-type":"","background-media":"","overlay-type":"","overlay-color":"","overlay-opacity":"","overlay-gradient":""},"mobile":{"background-color":"","background-image":"","background-repeat":"repeat","background-position":"center center","background-size":"auto","background-attachment":"scroll","background-type":"","background-media":"","overlay-type":"","overlay-color":"","overlay-opacity":"","overlay-gradient":""}},"ast-content-background-meta":{"desktop":{"background-color":"var(--ast-global-color-5)","background-image":"","background-repeat":"repeat","background-position":"center center","background-size":"auto","background-attachment":"scroll","background-type":"","background-media":"","overlay-type":"","overlay-color":"","overlay-opacity":"","overlay-gradient":""},"tablet":{"background-color":"var(--ast-global-color-5)","background-image":"","background-repeat":"repeat","background-position":"center center","background-size":"auto","background-attachment":"scroll","background-type":"","background-media":"","overlay-type":"","overlay-color":"","overlay-opacity":"","overlay-gradient":""},"mobile":{"background-color":"var(--ast-global-color-5)","background-image":"","background-repeat":"repeat","background-position":"center center","background-size":"auto","background-attachment":"scroll","background-type":"","background-media":"","overlay-type":"","overlay-color":"","overlay-opacity":"","overlay-gradient":""}}},"product_cat":[401,497],"product_tag":[403],"class_list":{"0":"post-11383","1":"product","2":"type-product","3":"status-publish","4":"has-post-thumbnail","6":"product_cat-coupons-es","7":"product_cat-prepress-7","8":"product_tag-prepress-es","9":"desktop-align-left","10":"tablet-align-left","11":"mobile-align-left","12":"ast-product-gallery-layout-horizontal-slider","13":"ast-product-gallery-with-no-image","14":"ast-product-tabs-layout-vertical","16":"first","17":"instock","18":"virtual","19":"taxable","20":"purchasable","21":"product-type-simple"},"_links":{"self":[{"href":"https:\/\/prosco-x.com\/es\/wp-json\/wp\/v2\/product\/11383","targetHints":{"allow":["GET"]}}],"collection":[{"href":"https:\/\/prosco-x.com\/es\/wp-json\/wp\/v2\/product"}],"about":[{"href":"https:\/\/prosco-x.com\/es\/wp-json\/wp\/v2\/types\/product"}],"version-history":[{"count":0,"href":"https:\/\/prosco-x.com\/es\/wp-json\/wp\/v2\/product\/11383\/revisions"}],"wp:featuredmedia":[{"embeddable":true,"href":"https:\/\/prosco-x.com\/es\/wp-json\/wp\/v2\/media\/11385"}],"wp:attachment":[{"href":"https:\/\/prosco-x.com\/es\/wp-json\/wp\/v2\/media?parent=11383"}],"wp:term":[{"taxonomy":"product_cat","embeddable":true,"href":"https:\/\/prosco-x.com\/es\/wp-json\/wp\/v2\/product_cat?post=11383"},{"taxonomy":"product_tag","embeddable":true,"href":"https:\/\/prosco-x.com\/es\/wp-json\/wp\/v2\/product_tag?post=11383"}],"curies":[{"name":"wp","href":"https:\/\/api.w.org\/{rel}","templated":true}]}}